{"id":1644,"date":"2024-06-29T11:14:04","date_gmt":"2024-06-29T07:44:04","guid":{"rendered":"http:\/\/xtratheme.com\/default\/?page_id=17"},"modified":"2026-02-09T15:57:46","modified_gmt":"2026-02-09T12:27:46","slug":"contact-us","status":"publish","type":"page","link":"https:\/\/www.mabnamachine.com\/tr\/contact-us\/","title":{"rendered":"Bize Ula\u015f\u0131n"},"content":{"rendered":"<div data-elementor-type=\"wp-page\" data-elementor-id=\"1644\" class=\"elementor elementor-1644\" data-elementor-post-type=\"page\">\n\t\t\t\t<div class=\"elementor-element elementor-element-b04e868 e-flex e-con-boxed e-con e-parent\" data-id=\"b04e868\" data-element_type=\"container\" data-e-type=\"container\">\n\t\t\t\t\t<div class=\"e-con-inner\">\n\t\t\t\t<div class=\"elementor-element elementor-element-9fc4b6f elementor-widget elementor-widget-spacer\" data-id=\"9fc4b6f\" data-element_type=\"widget\" data-e-type=\"widget\" data-widget_type=\"spacer.default\">\n\t\t\t\t<div class=\"elementor-widget-container\">\n\t\t\t\t\t\t\t<div class=\"elementor-spacer\">\n\t\t\t<div class=\"elementor-spacer-inner\"><\/div>\n\t\t<\/div>\n\t\t\t\t\t\t<\/div>\n\t\t\t\t<\/div>\n\t\t\t\t\t<\/div>\n\t\t\t\t<\/div>\n\t\t<div class=\"elementor-element elementor-element-9487c4a elementor-hidden-tablet elementor-hidden-mobile e-flex e-con-boxed e-con e-parent\" data-id=\"9487c4a\" data-element_type=\"container\" data-e-type=\"container\">\n\t\t\t\t\t<div class=\"e-con-inner\">\n\t\t<div class=\"elementor-element elementor-element-8a9a8c4 e-con-full e-flex e-con e-child\" data-id=\"8a9a8c4\" data-element_type=\"container\" data-e-type=\"container\">\n\t\t\t\t<div class=\"elementor-element elementor-element-ba45273 elementor-widget elementor-widget-cz_service_box\" data-id=\"ba45273\" data-element_type=\"widget\" data-e-type=\"widget\" data-widget_type=\"cz_service_box.default\">\n\t\t\t\t<div class=\"elementor-widget-container\">\n\t\t\t\t\t<div class=\"services clr style1 cz_sbi_fx_8a services_b\"><div class=\"service_custom\"><i class=\"fa czico-092-phone-call-1\"><\/i><\/div><div class=\"service_text\"><h3>\u0130leti\u015fim numaras\u0131:<\/h3><div class=\"cz_wpe_content\"><p>+984133122123<\/p><\/div><\/div><\/div>\t\t\t\t<\/div>\n\t\t\t\t<\/div>\n\t\t\t\t<\/div>\n\t\t<div class=\"elementor-element elementor-element-46708ea e-con-full e-flex e-con e-child\" data-id=\"46708ea\" data-element_type=\"container\" data-e-type=\"container\">\n\t\t\t\t<div class=\"elementor-element elementor-element-f973caf elementor-widget elementor-widget-cz_service_box\" data-id=\"f973caf\" data-element_type=\"widget\" data-e-type=\"widget\" data-widget_type=\"cz_service_box.default\">\n\t\t\t\t<div class=\"elementor-widget-container\">\n\t\t\t\t\t<div class=\"services clr style1 cz_sbi_fx_8a services_b\"><div class=\"service_custom\"><i class=\"czi czico-170-location\"><\/i><\/div><div class=\"service_text\"><h3>Adres:<\/h3><div class=\"cz_wpe_content\"><p><a href=\"https:\/\/maps.app.goo.gl\/qvtbPntrsr2SCJQd6\" target=\"_blank\" rel=\"noopener\">Tebriz - Tebriz Sahand Otoyolu - \u015eehit S\u00fcleymani End\u00fcstri Park\u0131 - Fallahi Bulvar\u0131 - 20 metre 4.<\/a><\/p><\/div><\/div><\/div>\t\t\t\t<\/div>\n\t\t\t\t<\/div>\n\t\t\t\t<\/div>\n\t\t<div class=\"elementor-element elementor-element-7a693c7 e-con-full e-flex e-con e-child\" data-id=\"7a693c7\" data-element_type=\"container\" data-e-type=\"container\">\n\t\t\t\t<div class=\"elementor-element elementor-element-f30c441 elementor-widget elementor-widget-cz_service_box\" data-id=\"f30c441\" data-element_type=\"widget\" data-e-type=\"widget\" data-widget_type=\"cz_service_box.default\">\n\t\t\t\t<div class=\"elementor-widget-container\">\n\t\t\t\t\t<div class=\"services clr style1 cz_sbi_fx_8a services_b\"><div class=\"service_custom\"><i class=\"far fa-envelope-open\"><\/i><\/div><div class=\"service_text\"><h3>E-posta:<\/h3><div class=\"cz_wpe_content\"><p style=\"text-align: center;\">\u00a0<a href=\"mailto:info@mabnamachine.com\" target=\"_blank\" rel=\"noopener\"><span style=\"font-size: 20px; color: #666666;\">info@mabnamachine.com<\/span><\/a><\/p><\/div><\/div><\/div>\t\t\t\t<\/div>\n\t\t\t\t<\/div>\n\t\t\t\t<\/div>\n\t\t\t\t\t<\/div>\n\t\t\t\t<\/div>\n\t\t<div class=\"elementor-element elementor-element-6dd2d76 elementor-hidden-desktop e-flex e-con-boxed e-con e-parent\" data-id=\"6dd2d76\" data-element_type=\"container\" data-e-type=\"container\">\n\t\t\t\t\t<div class=\"e-con-inner\">\n\t\t<div class=\"elementor-element elementor-element-939430c e-con-full e-flex e-con e-child\" data-id=\"939430c\" data-element_type=\"container\" data-e-type=\"container\">\n\t\t\t\t<div class=\"elementor-element elementor-element-eba5ca6 elementor-widget elementor-widget-cz_service_box\" data-id=\"eba5ca6\" data-element_type=\"widget\" data-e-type=\"widget\" data-widget_type=\"cz_service_box.default\">\n\t\t\t\t<div class=\"elementor-widget-container\">\n\t\t\t\t\t<div class=\"services clr style1 cz_sbi_fx_8a services_b\"><div class=\"service_custom\"><i class=\"fa czico-092-phone-call-1\"><\/i><\/div><div class=\"service_text\"><h3>\u0130leti\u015fim numaras\u0131:<\/h3><div class=\"cz_wpe_content\"><p>+984133122123<\/p><\/div><\/div><\/div>\t\t\t\t<\/div>\n\t\t\t\t<\/div>\n\t\t\t\t<\/div>\n\t\t<div class=\"elementor-element elementor-element-c18db51 e-con-full e-flex e-con e-child\" data-id=\"c18db51\" data-element_type=\"container\" data-e-type=\"container\">\n\t\t\t\t<div class=\"elementor-element elementor-element-65bc28e elementor-widget elementor-widget-cz_service_box\" data-id=\"65bc28e\" data-element_type=\"widget\" data-e-type=\"widget\" data-widget_type=\"cz_service_box.default\">\n\t\t\t\t<div class=\"elementor-widget-container\">\n\t\t\t\t\t<div class=\"services clr style1 cz_sbi_fx_8a services_b\"><div class=\"service_custom\"><i class=\"far fa-envelope-open\"><\/i><\/div><div class=\"service_text\"><h3>E-posta:<\/h3><div class=\"cz_wpe_content\"><p style=\"text-align: center;\">\u00a0<a href=\"mailto:info@mabnamachine.com\" target=\"_blank\" rel=\"noopener\"><span style=\"font-size: 20px; color: #666666;\">info@mabnamachine.com<\/span><\/a><\/p><\/div><\/div><\/div>\t\t\t\t<\/div>\n\t\t\t\t<\/div>\n\t\t\t\t<\/div>\n\t\t<div class=\"elementor-element elementor-element-884e0e4 e-con-full e-flex e-con e-child\" data-id=\"884e0e4\" data-element_type=\"container\" data-e-type=\"container\">\n\t\t\t\t<div class=\"elementor-element elementor-element-86c7d2d elementor-widget elementor-widget-cz_service_box\" data-id=\"86c7d2d\" data-element_type=\"widget\" data-e-type=\"widget\" data-widget_type=\"cz_service_box.default\">\n\t\t\t\t<div class=\"elementor-widget-container\">\n\t\t\t\t\t<div class=\"services clr style1 cz_sbi_fx_8a services_b\"><div class=\"service_custom\"><i class=\"czi czico-170-location\"><\/i><\/div><div class=\"service_text\"><h3>Adres:<\/h3><div class=\"cz_wpe_content\"><p><a href=\"https:\/\/maps.app.goo.gl\/qvtbPntrsr2SCJQd6\" target=\"_blank\" rel=\"noopener\">Tebriz - Tebriz Sahand Otoyolu - \u015eehit S\u00fcleymani End\u00fcstri Park\u0131 - Fallahi Bulvar\u0131 - 20 metre 4.<\/a><\/p><\/div><\/div><\/div>\t\t\t\t<\/div>\n\t\t\t\t<\/div>\n\t\t\t\t<\/div>\n\t\t\t\t\t<\/div>\n\t\t\t\t<\/div>\n\t\t<div class=\"elementor-element elementor-element-939528c column-xtra-full-before e-con-full e-flex e-con e-parent\" data-id=\"939528c\" data-element_type=\"container\" data-e-type=\"container\" data-settings=\"{&quot;background_background&quot;:&quot;classic&quot;}\">\n\t\t\t\t<div class=\"elementor-element elementor-element-03ac64c elementor-invisible elementor-widget elementor-widget-google_maps\" data-id=\"03ac64c\" data-element_type=\"widget\" data-e-type=\"widget\" data-settings=\"{&quot;_animation&quot;:&quot;fadeIn&quot;}\" data-widget_type=\"google_maps.default\">\n\t\t\t\t<div class=\"elementor-widget-container\">\n\t\t\t\t\t\t\t<div class=\"elementor-custom-embed\">\n\t\t\t<iframe loading=\"lazy\"\n\t\t\t\t\tsrc=\"https:\/\/maps.google.com\/maps?q=%D9%85%D8%A8%D9%86%D8%A7%20%D9%85%D8%A7%D8%B4%DB%8C%D9%86&#038;t=m&#038;z=10&#038;output=embed&#038;iwloc=near\"\n\t\t\t\t\ttitle=\"Mabna Machine\"\n\t\t\t\t\taria-label=\"Mabna Machine\"\n\t\t\t><\/iframe>\n\t\t<\/div>\n\t\t\t\t\t\t<\/div>\n\t\t\t\t<\/div>\n\t\t\t\t<\/div>\n\t\t\t\t<section class=\"elementor-section elementor-top-section elementor-element elementor-element-5139365 elementor-section-boxed elementor-section-height-default elementor-section-height-default\" data-id=\"5139365\" data-element_type=\"section\" data-e-type=\"section\">\n\t\t\t\t\t\t<div class=\"elementor-container elementor-column-gap-default\">\n\t\t\t\t\t<div class=\"elementor-column elementor-col-33 elementor-top-column elementor-element elementor-element-7744ced\" data-id=\"7744ced\" data-element_type=\"column\" data-e-type=\"column\">\n\t\t\t<div class=\"elementor-widget-wrap elementor-element-populated\">\n\t\t\t\t\t\t<div class=\"elementor-element elementor-element-9c7642f elementor-widget elementor-widget-cz_title\" data-id=\"9c7642f\" data-element_type=\"widget\" data-e-type=\"widget\" data-widget_type=\"cz_title.default\">\n\t\t\t\t<div class=\"elementor-widget-container\">\n\t\t\t\t\t\t\r\n\t\t<div>\r\n\t\t\t<div class=\"cz_title clr cz_mobile_text_center cz_title_pos_inline\"><div class=\"cz_title_content\"><div class=\"cz_wpe_content\"><h2><span style=\"color: #ff6600;\">Ba\u011flant\u0131da kal\u0131n<\/span><\/h2><\/div><\/div><\/div>\r\n\t\t<\/div>\r\n\t\t\r\n\t\t\t\t\t\t<\/div>\n\t\t\t\t<\/div>\n\t\t\t\t<div class=\"elementor-element elementor-element-5831199 elementor-widget__width-initial elementor-widget elementor-widget-cz_title\" data-id=\"5831199\" data-element_type=\"widget\" data-e-type=\"widget\" data-widget_type=\"cz_title.default\">\n\t\t\t\t<div class=\"elementor-widget-container\">\n\t\t\t\t\t\t\r\n\t\t<div>\r\n\t\t\t<div class=\"cz_title clr cz_title_pos_inline\"><div class=\"cz_title_content\"><div class=\"cz_wpe_content\"><p data-pm-slice=\"1 1 []\">Her zaman cevap vermeye haz\u0131r\u0131z! Mabna Machine firmas\u0131n\u0131n \u00fcr\u00fcn ve hizmetleri hakk\u0131nda uzman tavsiyeleri ve 7\/24 destek almak i\u00e7in l\u00fctfen e-posta yoluyla ileti\u015fim formunu doldurun, uzmanlar\u0131m\u0131z en k\u0131sa s\u00fcrede size geri d\u00f6n\u00fc\u015f yapacakt\u0131r.<\/p><\/div><\/div><\/div>\r\n\t\t<\/div>\r\n\t\t\r\n\t\t\t\t\t\t<\/div>\n\t\t\t\t<\/div>\n\t\t\t\t\t<\/div>\n\t\t<\/div>\n\t\t\t\t<div class=\"elementor-column elementor-col-66 elementor-top-column elementor-element elementor-element-4ccecd8\" data-id=\"4ccecd8\" data-element_type=\"column\" data-e-type=\"column\">\n\t\t\t<div class=\"elementor-widget-wrap elementor-element-populated\">\n\t\t\t\t\t\t<div class=\"elementor-element elementor-element-e614992 elementor-widget elementor-widget-shortcode\" data-id=\"e614992\" data-element_type=\"widget\" data-e-type=\"widget\" data-widget_type=\"shortcode.default\">\n\t\t\t\t<div class=\"elementor-widget-container\">\n\t\t\t\t\t\t\t<div class=\"elementor-shortcode\">\n<div class=\"wpcf7 no-js\" id=\"wpcf7-f2133-o1\" lang=\"fa-IR\" dir=\"rtl\" data-wpcf7-id=\"2133\">\n<div class=\"screen-reader-response\"><p role=\"status\" aria-live=\"polite\" aria-atomic=\"true\"><\/p> <ul><\/ul><\/div>\n<form action=\"\/tr\/wp-json\/wp\/v2\/pages\/1644#wpcf7-f2133-o1\" method=\"post\" class=\"wpcf7-form init\" aria-label=\"\u0641\u0631\u0645 \u062a\u0645\u0627\u0633\" novalidate=\"novalidate\" data-status=\"init\" data-trp-original-action=\"\/tr\/wp-json\/wp\/v2\/pages\/1644#wpcf7-f2133-o1\">\n<fieldset class=\"hidden-fields-container\"><input type=\"hidden\" name=\"_wpcf7\" value=\"2133\" \/><input type=\"hidden\" name=\"_wpcf7_version\" value=\"6.1.5\" \/><input type=\"hidden\" name=\"_wpcf7_locale\" value=\"fa_IR\" \/><input type=\"hidden\" name=\"_wpcf7_unit_tag\" value=\"wpcf7-f2133-o1\" \/><input type=\"hidden\" name=\"_wpcf7_container_post\" value=\"0\" \/><input type=\"hidden\" name=\"_wpcf7_posted_data_hash\" value=\"\" \/><input type=\"hidden\" name=\"_wpcf7_recaptcha_response\" value=\"\" \/>\n<\/fieldset>\n<div class=\"mabna-form-container\">\n\t<div class=\"mabna-field\">\n\t\t<p><label>\u0130sim <\/label><br \/>\n<span class=\"wpcf7-form-control-wrap\" data-name=\"your-name\"><input size=\"40\" maxlength=\"400\" class=\"wpcf7-form-control wpcf7-text wpcf7-validates-as-required\" aria-required=\"true\" aria-invalid=\"false\" placeholder=\"\" value=\"\" type=\"text\" name=\"your-name\" \/><\/span>\n\t\t<\/p>\n\t<\/div>\n\t<div class=\"mabna-field\">\n\t\t<p><label>E-posta<\/label><br \/>\n<span class=\"wpcf7-form-control-wrap\" data-name=\"your-email\"><input size=\"40\" maxlength=\"400\" class=\"wpcf7-form-control wpcf7-email wpcf7-validates-as-required wpcf7-text wpcf7-validates-as-email\" aria-required=\"true\" aria-invalid=\"false\" placeholder=\"\" value=\"\" type=\"email\" name=\"your-email\" \/><\/span>\n\t\t<\/p>\n\t<\/div>\n\t<div class=\"mabna-field\">\n\t\t<p><label>Mesaj\u0131n\u0131z<\/label><br \/>\n<span class=\"wpcf7-form-control-wrap\" data-name=\"your-message\"><textarea cols=\"40\" rows=\"2\" maxlength=\"2000\" class=\"wpcf7-form-control wpcf7-textarea\" aria-invalid=\"false\" placeholder=\"\" name=\"your-message\"><\/textarea><\/span>\n\t\t<\/p>\n\t<\/div>\n\t<div class=\"mabna-field quiz-inline\">\n\t\t<p><span class=\"quiz-text\">G\u00fcvenlik sorusu:<\/span><br \/>\n<span class=\"wpcf7-form-control-wrap\" data-name=\"math-quiz\"><label><span class=\"wpcf7-quiz-label\">8+6=<\/span> <input size=\"40\" class=\"wpcf7-form-control wpcf7-quiz\" autocomplete=\"off\" aria-required=\"true\" aria-invalid=\"false\" type=\"text\" name=\"math-quiz\" \/><\/label><input type=\"hidden\" name=\"_wpcf7_quiz_answer_math-quiz\" value=\"6eca476ffdd30843e1b62b9d32bef60a\" \/><\/span>\n\t\t<\/p>\n\t<\/div>\n\t<div class=\"mabna-submit\">\n\t\t<p><input class=\"wpcf7-form-control wpcf7-submit has-spinner\" type=\"submit\" value=\"G\u00f6nder\" \/>\n\t\t<\/p>\n\t<\/div>\n<\/div><div class=\"wpcf7-response-output\" aria-hidden=\"true\"><\/div>\n<input type=\"hidden\" name=\"trp-form-language\" value=\"tr\"\/><\/form>\n<\/div>\n<\/div>\n\t\t\t\t\t\t<\/div>\n\t\t\t\t<\/div>\n\t\t\t\t\t<\/div>\n\t\t<\/div>\n\t\t\t\t\t<\/div>\n\t\t<\/section>\n\t\t\t\t<\/div>","protected":false},"excerpt":{"rendered":"<p>\u0634\u0645\u0627\u0631\u0647 \u062a\u0645\u0627\u0633 : \u202b984133122123+\u202b\u202b \u0622\u062f\u0631\u0633 : \u062a\u0628\u0631\u06cc\u0632 &#8211; \u0627\u062a\u0648\u0628\u0627\u0646 \u062a\u0628\u0631\u06cc\u0632 \u0633\u0647\u0646\u062f &#8230; <\/p>","protected":false},"author":1,"featured_media":0,"parent":0,"menu_order":0,"comment_status":"closed","ping_status":"closed","template":"","meta":{"footnotes":""},"class_list":["post-1644","page","type-page","status-publish","hentry"],"_links":{"self":[{"href":"https:\/\/www.mabnamachine.com\/tr\/wp-json\/wp\/v2\/pages\/1644","targetHints":{"allow":["GET"]}}],"collection":[{"href":"https:\/\/www.mabnamachine.com\/tr\/wp-json\/wp\/v2\/pages"}],"about":[{"href":"https:\/\/www.mabnamachine.com\/tr\/wp-json\/wp\/v2\/types\/page"}],"author":[{"embeddable":true,"href":"https:\/\/www.mabnamachine.com\/tr\/wp-json\/wp\/v2\/users\/1"}],"replies":[{"embeddable":true,"href":"https:\/\/www.mabnamachine.com\/tr\/wp-json\/wp\/v2\/comments?post=1644"}],"version-history":[{"count":0,"href":"https:\/\/www.mabnamachine.com\/tr\/wp-json\/wp\/v2\/pages\/1644\/revisions"}],"wp:attachment":[{"href":"https:\/\/www.mabnamachine.com\/tr\/wp-json\/wp\/v2\/media?parent=1644"}],"curies":[{"name":"wp","href":"https:\/\/api.w.org\/{rel}","templated":true}]}}